{"id":416,"date":"2023-03-06T22:09:42","date_gmt":"2023-03-06T21:09:42","guid":{"rendered":"https:\/\/damus.dk\/?page_id=416"},"modified":"2026-04-10T19:31:14","modified_gmt":"2026-04-10T18:31:14","slug":"historien-bag-damus","status":"publish","type":"page","link":"https:\/\/damus.dk\/index.php\/historien-bag-damus\/","title":{"rendered":"Historien bag Damus"},"content":{"rendered":"\t\t<div data-elementor-type=\"wp-page\" data-elementor-id=\"416\" class=\"elementor elementor-416\">\n\t\t\t\t<div class=\"elementor-element elementor-element-230d399 e-con-full e-flex e-con e-parent\" data-id=\"230d399\" data-element_type=\"container\" data-e-type=\"container\">\n\t\t\t\t<div class=\"elementor-element elementor-element-3a934ad elementor-widget elementor-widget-text-editor\" data-id=\"3a934ad\" data-element_type=\"widget\" data-e-type=\"widget\" data-widget_type=\"text-editor.default\">\n\t\t\t\t<div class=\"elementor-widget-container\">\n\t\t\t\t\t\t\t\t\t<p style=\"text-align: left;\">Den allerf\u00f8rste udgave af Damus blev p\u00e5 opfordring fra J\u00f8rn Lorenzen, S\u00f8nders\u00f8 Musikskole programmeret af Keld p\u00e5 Commodore64 maskiner i 1984, og den kunne h\u00e5ndtere op til 1000 elever og 100 l\u00e6rere &#8211; og det var stort dengang \ud83d\ude09<\/p><p style=\"text-align: left;\">Det var lavet i sproget COMAL, som var dansk udviklet og ualmindelig brugervenligt efter datidens normer. Vi brugte bl\u00f8de 5 1\/4&#8243; disketter, og de var ikke altid lige holdbare. N\u00e5r programmet startede en sortering af elever i forskellige s\u00f8gninger, var der tid til at drikke kaffe undervejs, og enkelte musikskoler gav udtryk for, at deres maver havde sv\u00e6rt ved at t\u00e5le s\u00e5 meget kaffe &#8230;<\/p><p style=\"text-align: left;\">S\u00e5 kom PC&#8217;ere med DOS ned i pris, og det blev muligt for musikskolerne at k\u00f8be s\u00e5dan noget grej. <br \/>Jeg programmerede Damus om, og data blev konverteret til en DOS-version. Den blev indf\u00f8rt i over 160 ud af de 273 gamle kommuner, mens mange af de helt sm\u00e5 kommuner n\u00f8jedes med regneark og papir.<\/p><p style=\"text-align: left;\">Nu byggede systemet p\u00e5 Btrieve som databasesystem, og sortering og s\u00f8gninger blev markant optimeret. Der kunne laves automatiske flettefiler til Word og Excel &#8211; og der kunne afsendes b\u00e5de enkeltvise og gruppe-sms og mails inde fra programmet. Med det rigtige udstyr kunne man desuden foretage telefonopkald direkte til personer gemt i Damus.<\/p><p style=\"text-align: left;\">Programmet kunne afvikles i et rent DOS-milj\u00f8 samt under Windows, og med et lille program (DosPrn) var det muligt at udskrive p\u00e5 vilk\u00e5rlige printere i alle netv\u00e6rk &#8211; ogs\u00e5 Windowsprintere.<br \/>I Windows blev Damus-programmet rent teknisk afviklet i et vindue, og det kunne installeres p\u00e5 kommunernes vilk\u00e5rlige netv\u00e6rk (som fx Citrix) og p\u00e5 alle Windowsversioner fra 3.10 gennem 95, 98, XP og frem til dagens Windowsudgaver. (bl.a Windows 10)<br \/>Programmets menuer og indhold var resultatet af mange \u00e5rs l\u00f8bende udvikling i t\u00e6t samarbejde med ledere og sekret\u00e6rer i musikskolerne &#8211; samt deres it-folk. Det var et stadigt m\u00e5l at forbedre programmets funktionalitet &#8211; i stedet for at fokusere p\u00e5, om det var et rent Windows-program. Det har jeg s\u00e5 m\u00e5ttet h\u00f8re en del for gennem tiden &#8230;<\/p><p style=\"text-align: left;\">I forbindelse med kommunesammenl\u00e6gningerne gennem 2006-2008 opstod behovet for at lave en ren Windows-udgave af programmet. I et godt samarbejde med Torben Melander og Sean Dollard fra Trendware i Glamsbjerg p\u00e5 Fyn lavede vi en overgang til en helt ny Windows-baseret programmering af hele systemets bagvedliggende teknik og med Firebird som database-system. Programmeringssproget var nu Delphi, og det holdt jeg mig fra, s\u00e5 herfra stod jeg udelukkende for al kundekontakt, kurser og udvikling, mens de klarede teknikken p\u00e5 bedste vis.<br \/>Der var efter kommune-sammenl\u00e6gningen i 2007 over 60 musikskoler, der brugte denne udgave, og i for\u00e5ret 2013 var tiden moden til en samlet udvikling af en web-baseret Damus-l\u00f8sning.<\/p><p style=\"text-align: left;\">Den plan er nu &#8216;overhalet&#8217; af udviklingen, og fremtiden blev sikret gennem den indg\u00e5ede aftale med SpeedWare.<\/p><p>\u00a0<\/p><p>Med venlig hilsen Keld<\/p>\t\t\t\t\t\t\t\t<\/div>\n\t\t\t\t<\/div>\n\t\t\t\t<\/div>\n\t\t\t\t<\/div>\n\t\t","protected":false},"excerpt":{"rendered":"<p>Den allerf\u00f8rste udgave af Damus blev p\u00e5 opfordring fra J\u00f8rn Lorenzen, S\u00f8nders\u00f8 Musikskole programmeret af Keld p\u00e5 Commodore64 maskiner i 1984, og den kunne h\u00e5ndtere op til 1000 elever og 100 l\u00e6rere &#8211; og det var stort dengang \ud83d\ude09 Det var lavet i sproget COMAL, som var dansk udviklet og ualmindelig brugervenligt efter datidens normer.&hellip; <a class=\"more-link\" href=\"https:\/\/damus.dk\/index.php\/historien-bag-damus\/\">L\u00e6s mere <span class=\"screen-reader-text\">Historien bag Damus<\/span><\/a><\/p>\n","protected":false},"author":1,"featured_media":0,"parent":0,"menu_order":0,"comment_status":"closed","ping_status":"closed","template":"","meta":{"footnotes":""},"class_list":["post-416","page","type-page","status-publish","hentry","entry"],"_links":{"self":[{"href":"https:\/\/damus.dk\/index.php\/wp-json\/wp\/v2\/pages\/416","targetHints":{"allow":["GET"]}}],"collection":[{"href":"https:\/\/damus.dk\/index.php\/wp-json\/wp\/v2\/pages"}],"about":[{"href":"https:\/\/damus.dk\/index.php\/wp-json\/wp\/v2\/types\/page"}],"author":[{"embeddable":true,"href":"https:\/\/damus.dk\/index.php\/wp-json\/wp\/v2\/users\/1"}],"replies":[{"embeddable":true,"href":"https:\/\/damus.dk\/index.php\/wp-json\/wp\/v2\/comments?post=416"}],"version-history":[{"count":142,"href":"https:\/\/damus.dk\/index.php\/wp-json\/wp\/v2\/pages\/416\/revisions"}],"predecessor-version":[{"id":1158,"href":"https:\/\/damus.dk\/index.php\/wp-json\/wp\/v2\/pages\/416\/revisions\/1158"}],"wp:attachment":[{"href":"https:\/\/damus.dk\/index.php\/wp-json\/wp\/v2\/media?parent=416"}],"curies":[{"name":"wp","href":"https:\/\/api.w.org\/{rel}","templated":true}]}}